{"id":100,"date":"2025-03-08T11:19:47","date_gmt":"2025-03-08T16:19:47","guid":{"rendered":"http:\/\/truenorthhq.ca\/?page_id=100"},"modified":"2025-04-09T11:06:53","modified_gmt":"2025-04-09T15:06:53","slug":"home","status":"publish","type":"page","link":"http:\/\/truenorthhq.ca\/fr\/","title":{"rendered":"Home"},"content":{"rendered":"<div class=\"wp-block-columns alignfull has-base-background-color has-background is-layout-flex wp-container-core-columns-is-layout-628a07b5 wp-block-columns-is-layout-flex\" style=\"padding-top:var(--wp--preset--spacing--40);padding-right:var(--wp--preset--spacing--40);padding-bottom:var(--wp--preset--spacing--40);padding-left:var(--wp--preset--spacing--40)\">\n<div class=\"wp-block-column is-layout-flow wp-container-core-column-is-layout-a77db08e wp-block-column-is-layout-flow\" style=\"flex-basis:60%\">\n<figure class=\"wp-block-image alignwide size-large is-style-rounded is-style-rounded--1\" style=\"margin-top:0;margin-bottom:0\"><img loading=\"lazy\" decoding=\"async\" width=\"1024\" height=\"683\" src=\"http:\/\/truenorthhq.ca\/wp-content\/uploads\/2025\/04\/megaphone-March-24-2025-1024x683.webp\" alt=\"\" class=\"wp-image-539\" srcset=\"https:\/\/truenorthhq.ca\/wp-content\/uploads\/2025\/04\/megaphone-March-24-2025-1024x683.webp 1024w, https:\/\/truenorthhq.ca\/wp-content\/uploads\/2025\/04\/megaphone-March-24-2025-300x200.webp 300w, https:\/\/truenorthhq.ca\/wp-content\/uploads\/2025\/04\/megaphone-March-24-2025-768x512.webp 768w, https:\/\/truenorthhq.ca\/wp-content\/uploads\/2025\/04\/megaphone-March-24-2025-1536x1024.webp 1536w, https:\/\/truenorthhq.ca\/wp-content\/uploads\/2025\/04\/megaphone-March-24-2025-2048x1365.webp 2048w, https:\/\/truenorthhq.ca\/wp-content\/uploads\/2025\/04\/megaphone-March-24-2025-18x12.webp 18w\" sizes=\"auto, (max-width: 1024px) 100vw, 1024px\" \/><\/figure>\n<\/div>\n\n\n\n<div class=\"wp-block-column is-vertically-aligned-center is-layout-flow wp-block-column-is-layout-flow\" style=\"flex-basis:40%\">\n<h1 class=\"wp-block-heading has-text-align-center has-x-large-font-size\">Ensemble pour la d\u00e9mocratie, la justice et les droits humains<\/h1>\n\n\n\n<div style=\"height:4px\" aria-hidden=\"true\" class=\"wp-block-spacer\"><\/div>\n\n\n\n<div class=\"wp-block-buttons is-content-justification-center is-layout-flex wp-container-core-buttons-is-layout-a89b3969 wp-block-buttons-is-layout-flex\">\n<div class=\"wp-block-button\"><a class=\"wp-block-button__link has-background wp-element-button\" href=\"http:\/\/truenorthhq.ca\/fr\/events\/\" style=\"background-color:#175676\">\u00c9v\u00e9nements \u00e0 venir<\/a><\/div>\n<\/div>\n<\/div>\n<\/div>\n\n\n\n<div class=\"wp-block-group alignfull has-base-2-background-color has-background has-global-padding is-layout-constrained wp-container-core-group-is-layout-669513ed wp-block-group-is-layout-constrained\" style=\"margin-top:0;margin-bottom:0;padding-top:var(--wp--preset--spacing--50);padding-right:var(--wp--preset--spacing--50);padding-bottom:var(--wp--preset--spacing--50);padding-left:var(--wp--preset--spacing--50)\">\n<div class=\"wp-block-group is-vertical is-content-justification-center is-layout-flex wp-container-core-group-is-layout-248d93b1 wp-block-group-is-layout-flex\" style=\"padding-top:0;padding-right:var(--wp--preset--spacing--50);padding-bottom:0;padding-left:var(--wp--preset--spacing--50)\">\n<p class=\"has-text-align-center\">Rejoignez notre mouvement citoyen dans notre engagement envers la paix mondiale, la libert\u00e9 et la d\u00e9mocratie. En tant que Canadiens, nous montrons la voie en d\u00e9fendant les droits de la personne. Ce n'est pas un appel \u00e0 la col\u00e8re, mais au courage de un avenir plus \u00e9quitable pour tous.<br><br><strong>Ensemble, nous pouvons cr\u00e9er un monde orient\u00e9 vers cr\u00e9er un monde plus juste et \u00e9galitaire.<\/strong><\/p>\n<\/div>\n<\/div>\n\n\n\n<div class=\"wp-block-group alignfull has-base-color has-contrast-background-color has-text-color has-background has-global-padding is-layout-constrained wp-container-core-group-is-layout-670a6458 wp-block-group-is-layout-constrained\" style=\"margin-top:0;margin-bottom:0;padding-top:var(--wp--preset--spacing--50);padding-right:var(--wp--preset--spacing--40);padding-bottom:var(--wp--preset--spacing--50);padding-left:var(--wp--preset--spacing--40)\">\n<div class=\"wp-block-group has-global-padding is-layout-constrained wp-block-group-is-layout-constrained\">\n<p class=\"has-text-align-center has-base-color has-text-color has-heading-font-family has-x-large-font-size\" style=\"line-height:1.2\"><em>\u00ab<em>Je suis Canadien(ne), libre de m'exprimer sans crainte, libre de pratiquer ma foi \u00e0 ma fa\u00e7on,\nlibre de d\u00e9fendre ce que je crois juste, libre de m'opposer \u00e0 ce que je crois injuste et libre de\nchoisir les dirigeants de mon pays. Je m'engage \u00e0 pr\u00e9server ce patrimoine de libert\u00e9 pour moi-\nm\u00eame et pour toute l'humanit\u00e9.<\/em>\u00bb<\/em><\/p>\n\n\n\n<div style=\"height:10px\" aria-hidden=\"true\" class=\"wp-block-spacer\"><\/div>\n\n\n\n<div class=\"wp-block-group is-vertical is-content-justification-center is-nowrap is-layout-flex wp-container-core-group-is-layout-2dc08cea wp-block-group-is-layout-flex\">\n<p class=\"has-text-align-center\" style=\"margin-top:var(--wp--preset--spacing--10);margin-bottom:0\">John Diefenbaker<\/p>\n\n\n\n<p class=\"has-text-align-center has-contrast-3-color has-text-color has-small-font-size\" style=\"font-style:normal;font-weight:300\">Ancien premier ministre du Canada<\/p>\n<\/div>\n<\/div>\n<\/div>","protected":false},"excerpt":{"rendered":"<p>Standing together for democracy, justice and human rights Join the grassroots movement of everyday citizens uniting in our commitment to global peace, freedom, and democracy. As Canadians, we lead the [&hellip;]<\/p>\n","protected":false},"author":1,"featured_media":0,"parent":0,"menu_order":0,"comment_status":"closed","ping_status":"closed","template":"page-no-title","meta":{"_EventAllDay":false,"_EventTimezone":"","_EventStartDate":"","_EventEndDate":"","_EventStartDateUTC":"","_EventEndDateUTC":"","_EventShowMap":false,"_EventShowMapLink":false,"_EventURL":"","_EventCost":"","_EventCostDescription":"","_EventCurrencySymbol":"","_EventCurrencyCode":"","_EventCurrencyPosition":"","_EventDateTimeSeparator":"","_EventTimeRangeSeparator":"","_EventOrganizerID":[],"_EventVenueID":[],"_OrganizerEmail":"","_OrganizerPhone":"","_OrganizerWebsite":"","_VenueAddress":"","_VenueCity":"","_VenueCountry":"","_VenueProvince":"","_VenueState":"","_VenueZip":"","_VenuePhone":"","_VenueURL":"","_VenueStateProvince":"","_VenueLat":"","_VenueLng":"","_VenueShowMap":false,"_VenueShowMapLink":false,"footnotes":""},"class_list":["post-100","page","type-page","status-publish","hentry"],"_links":{"self":[{"href":"http:\/\/truenorthhq.ca\/fr\/wp-json\/wp\/v2\/pages\/100","targetHints":{"allow":["GET"]}}],"collection":[{"href":"http:\/\/truenorthhq.ca\/fr\/wp-json\/wp\/v2\/pages"}],"about":[{"href":"http:\/\/truenorthhq.ca\/fr\/wp-json\/wp\/v2\/types\/page"}],"author":[{"embeddable":true,"href":"http:\/\/truenorthhq.ca\/fr\/wp-json\/wp\/v2\/users\/1"}],"replies":[{"embeddable":true,"href":"http:\/\/truenorthhq.ca\/fr\/wp-json\/wp\/v2\/comments?post=100"}],"version-history":[{"count":71,"href":"http:\/\/truenorthhq.ca\/fr\/wp-json\/wp\/v2\/pages\/100\/revisions"}],"predecessor-version":[{"id":702,"href":"http:\/\/truenorthhq.ca\/fr\/wp-json\/wp\/v2\/pages\/100\/revisions\/702"}],"wp:attachment":[{"href":"http:\/\/truenorthhq.ca\/fr\/wp-json\/wp\/v2\/media?parent=100"}],"curies":[{"name":"wp","href":"https:\/\/api.w.org\/{rel}","templated":true}]}}